{"id":3,"date":"2025-07-21T08:45:49","date_gmt":"2025-07-21T08:45:49","guid":{"rendered":"https:\/\/darkgrey-woodpecker-936011.hostingersite.com\/?page_id=3"},"modified":"2026-03-17T22:15:15","modified_gmt":"2026-03-17T22:15:15","slug":"privacy-policy","status":"publish","type":"page","link":"https:\/\/projectfifty4.com\/de\/privacy-policy\/","title":{"rendered":"Datenschutzbestimmungen"},"content":{"rendered":"<div data-elementor-type=\"wp-page\" data-elementor-id=\"3\" class=\"elementor elementor-3\" data-elementor-post-type=\"page\">\n\t\t\t\t<div class=\"elementor-element elementor-element-4cb4167f e-flex e-con-boxed e-con e-parent\" data-id=\"4cb4167f\" data-element_type=\"container\" data-e-type=\"container\">\n\t\t\t\t\t<div class=\"e-con-inner\">\n\t\t\t\t<div class=\"elementor-element elementor-element-c7b3e94 elementor-widget elementor-widget-heading\" data-id=\"c7b3e94\" data-element_type=\"widget\" data-e-type=\"widget\" data-widget_type=\"heading.default\">\n\t\t\t\t\t<h2 class=\"elementor-heading-title elementor-size-default\">Datenschutzbestimmungen<\/h2>\t\t\t\t<\/div>\n\t\t\t\t<div class=\"elementor-element elementor-element-8ec07ff elementor-widget elementor-widget-text-editor\" data-id=\"8ec07ff\" data-element_type=\"widget\" data-e-type=\"widget\" data-widget_type=\"text-editor.default\">\n\t\t\t\t\t\t\t\t\t<p><i><span style=\"font-weight: 400;\">Zuletzt aktualisiert: 04\/09\/2025<\/span><\/i><\/p>\n<p><span style=\"font-weight: 400;\">Project 54 (\u201cwir\u201d, \u201cunser\u201d oder \u201cuns\u201d) respektiert Ihre Privatsph\u00e4re und verpflichtet sich zum Schutz Ihrer pers\u00f6nlichen Daten. In dieser Datenschutzerkl\u00e4rung wird erl\u00e4utert, welche Informationen wir sammeln, wie wir sie verwenden und welche Rechte Sie gem\u00e4\u00df den geltenden Datenschutzgesetzen, einschlie\u00dflich der Allgemeinen Datenschutzverordnung (GDPR), haben.<\/span><\/p>\t\t\t\t\t\t\t\t<\/div>\n\t\t\t\t<div class=\"elementor-element elementor-element-0be43d4 elementor-widget elementor-widget-heading\" data-id=\"0be43d4\" data-element_type=\"widget\" data-e-type=\"widget\" data-widget_type=\"heading.default\">\n\t\t\t\t\t<h2 class=\"elementor-heading-title elementor-size-default\">1. Informationen, die wir sammeln<\/h2>\t\t\t\t<\/div>\n\t\t\t\t<div class=\"elementor-element elementor-element-6a12348 elementor-widget elementor-widget-text-editor\" data-id=\"6a12348\" data-element_type=\"widget\" data-e-type=\"widget\" data-widget_type=\"text-editor.default\">\n\t\t\t\t\t\t\t\t\t<p><span style=\"font-weight: 400;\">Wenn Sie ein Formular auf unserer Website abschicken, k\u00f6nnen wir Daten erfassen:<\/span><\/p>\n<ul>\n<li style=\"font-weight: 400;\" aria-level=\"1\"><span style=\"font-weight: 400;\">Vollst\u00e4ndiger Name<\/span><span style=\"font-weight: 400;\"><br \/><br \/><\/span><\/li>\n<li style=\"font-weight: 400;\" aria-level=\"1\"><span style=\"font-weight: 400;\">Arbeits-E-Mail-Adresse<\/span><span style=\"font-weight: 400;\"><br \/><br \/><\/span><\/li>\n<li style=\"font-weight: 400;\" aria-level=\"1\"><span style=\"font-weight: 400;\">Region des Schwerpunkts<\/span><span style=\"font-weight: 400;\"><br \/><br \/><\/span><\/li>\n<li style=\"font-weight: 400;\" aria-level=\"1\"><span style=\"font-weight: 400;\">Informationen, die Sie im Feld \u201cWie k\u00f6nnen wir Ihnen helfen\u201d angeben<\/span><span style=\"font-weight: 400;\"><br \/><br \/><\/span><\/li>\n<\/ul>\n<p><span style=\"font-weight: 400;\">Wir sammeln nicht wissentlich sensible pers\u00f6nliche Daten oder Zahlungsinformationen.<\/span><\/p>\t\t\t\t\t\t\t\t<\/div>\n\t\t\t\t<div class=\"elementor-element elementor-element-9e3aaec elementor-widget elementor-widget-heading\" data-id=\"9e3aaec\" data-element_type=\"widget\" data-e-type=\"widget\" data-widget_type=\"heading.default\">\n\t\t\t\t\t<h2 class=\"elementor-heading-title elementor-size-default\">2. Wie wir Ihre Informationen verwenden\n<\/h2>\t\t\t\t<\/div>\n\t\t\t\t<div class=\"elementor-element elementor-element-92cc480 elementor-widget elementor-widget-text-editor\" data-id=\"92cc480\" data-element_type=\"widget\" data-e-type=\"widget\" data-widget_type=\"text-editor.default\">\n\t\t\t\t\t\t\t\t\t<p><span style=\"font-weight: 400;\">Wir verwenden Ihre pers\u00f6nlichen Daten nur, um:<\/span><\/p>\n<ul>\n<li style=\"font-weight: 400;\" aria-level=\"1\"><span style=\"font-weight: 400;\">Beantworten Sie Ihre Anfrage<\/span><span style=\"font-weight: 400;\"><br \/><br \/><\/span><\/li>\n<li style=\"font-weight: 400;\" aria-level=\"1\"><span style=\"font-weight: 400;\">Ihre Bed\u00fcrfnisse zu verstehen und relevante Informationen \u00fcber unsere Dienstleistungen bereitzustellen<\/span><span style=\"font-weight: 400;\"><br \/><br \/><\/span><\/li>\n<li style=\"font-weight: 400;\" aria-level=\"1\"><span style=\"font-weight: 400;\">Verbesserung unserer Website und Kommunikation<\/span><span style=\"font-weight: 400;\"><br \/><br \/><\/span><\/li>\n<\/ul>\n<p><span style=\"font-weight: 400;\">Wir verkaufen oder vermieten Ihre pers\u00f6nlichen Daten nicht an Dritte.<\/span><\/p>\t\t\t\t\t\t\t\t<\/div>\n\t\t\t\t<div class=\"elementor-element elementor-element-8b0c525 elementor-widget elementor-widget-heading\" data-id=\"8b0c525\" data-element_type=\"widget\" data-e-type=\"widget\" data-widget_type=\"heading.default\">\n\t\t\t\t\t<h2 class=\"elementor-heading-title elementor-size-default\">3. Rechtsgrundlage f\u00fcr die Verarbeitung (GDPR)<\/h2>\t\t\t\t<\/div>\n\t\t\t\t<div class=\"elementor-element elementor-element-8ee1889 elementor-widget elementor-widget-text-editor\" data-id=\"8ee1889\" data-element_type=\"widget\" data-e-type=\"widget\" data-widget_type=\"text-editor.default\">\n\t\t\t\t\t\t\t\t\t<p><span style=\"font-weight: 400;\">Wenn Sie sich im Europ\u00e4ischen Wirtschaftsraum (EWR) befinden, sind unsere Rechtsgrundlagen f\u00fcr die Verarbeitung Ihrer Daten folgende:<\/span><\/p>\n<ul>\n<li style=\"font-weight: 400;\" aria-level=\"1\"><b>Einwilligung<\/b><span style=\"font-weight: 400;\">: Wenn Sie freiwillig Ihre Daten \u00fcber unser Formular \u00fcbermitteln<\/span><span style=\"font-weight: 400;\"><br \/><br \/><\/span><\/li>\n<\/ul>\n<p><b>Berechtigte Interessen<\/b><span style=\"font-weight: 400;\">: Kommunikation mit potenziellen Kunden und Partnern<\/span><span style=\"font-weight: 400;\"><br \/><\/span><\/p>\t\t\t\t\t\t\t\t<\/div>\n\t\t\t\t<div class=\"elementor-element elementor-element-a7c3936 elementor-widget elementor-widget-heading\" data-id=\"a7c3936\" data-element_type=\"widget\" data-e-type=\"widget\" data-widget_type=\"heading.default\">\n\t\t\t\t\t<h2 class=\"elementor-heading-title elementor-size-default\">4. Vorratsdatenspeicherung<\/h2>\t\t\t\t<\/div>\n\t\t\t\t<div class=\"elementor-element elementor-element-489be21 elementor-widget elementor-widget-text-editor\" data-id=\"489be21\" data-element_type=\"widget\" data-e-type=\"widget\" data-widget_type=\"text-editor.default\">\n\t\t\t\t\t\t\t\t\t<p><span style=\"font-weight: 400;\">Wir bewahren Ihre Daten nur so lange auf, wie es notwendig ist, um Ihre Anfrage zu beantworten oder eine Gesch\u00e4ftsbeziehung aufrechtzuerhalten, es sei denn, eine l\u00e4ngere Aufbewahrungsfrist ist gesetzlich vorgeschrieben.<\/span><\/p>\t\t\t\t\t\t\t\t<\/div>\n\t\t\t\t<div class=\"elementor-element elementor-element-66cfe06 elementor-widget elementor-widget-heading\" data-id=\"66cfe06\" data-element_type=\"widget\" data-e-type=\"widget\" data-widget_type=\"heading.default\">\n\t\t\t\t\t<h2 class=\"elementor-heading-title elementor-size-default\">5. Gemeinsame Nutzung Ihrer Daten<\/h2>\t\t\t\t<\/div>\n\t\t\t\t<div class=\"elementor-element elementor-element-ddb562f elementor-widget elementor-widget-text-editor\" data-id=\"ddb562f\" data-element_type=\"widget\" data-e-type=\"widget\" data-widget_type=\"text-editor.default\">\n\t\t\t\t\t\t\t\t\t<p><span style=\"font-weight: 400;\">Wir k\u00f6nnen Ihre Daten an vertrauensw\u00fcrdige Dienstleister weitergeben, die uns beim Betrieb unserer Website und der Kommunikation mit Ihnen helfen (z. B. Hosting, E-Mail-Dienste). Diese Anbieter sind vertraglich verpflichtet, Ihre Daten zu sch\u00fctzen.<\/span><\/p>\t\t\t\t\t\t\t\t<\/div>\n\t\t\t\t<div class=\"elementor-element elementor-element-2f8cac7 elementor-widget elementor-widget-heading\" data-id=\"2f8cac7\" data-element_type=\"widget\" data-e-type=\"widget\" data-widget_type=\"heading.default\">\n\t\t\t\t\t<h2 class=\"elementor-heading-title elementor-size-default\">6. Internationale \u00dcberweisungen<\/h2>\t\t\t\t<\/div>\n\t\t\t\t<div class=\"elementor-element elementor-element-fad92b9 elementor-widget elementor-widget-text-editor\" data-id=\"fad92b9\" data-element_type=\"widget\" data-e-type=\"widget\" data-widget_type=\"text-editor.default\">\n\t\t\t\t\t\t\t\t\t<p><span style=\"font-weight: 400;\">Wenn Sie sich im EWR befinden, k\u00f6nnen Ihre Daten in ein Land au\u00dferhalb Ihres Wohnsitzes \u00fcbermittelt werden. Wir stellen sicher, dass angemessene Sicherheitsvorkehrungen (wie Standardvertragsklauseln) zum Schutz Ihrer Daten getroffen werden.<\/span><\/p>\t\t\t\t\t\t\t\t<\/div>\n\t\t\t\t<div class=\"elementor-element elementor-element-5f7e326 elementor-widget elementor-widget-heading\" data-id=\"5f7e326\" data-element_type=\"widget\" data-e-type=\"widget\" data-widget_type=\"heading.default\">\n\t\t\t\t\t<h2 class=\"elementor-heading-title elementor-size-default\">7. Ihre Rechte gem\u00e4\u00df GDPR<\/h2>\t\t\t\t<\/div>\n\t\t\t\t<div class=\"elementor-element elementor-element-0a27997 elementor-widget elementor-widget-text-editor\" data-id=\"0a27997\" data-element_type=\"widget\" data-e-type=\"widget\" data-widget_type=\"text-editor.default\">\n\t\t\t\t\t\t\t\t\t<p><span style=\"font-weight: 400;\">Wenn Sie sich im EWR befinden, haben Sie die folgenden Rechte:<\/span><\/p>\n<ul>\n<li style=\"font-weight: 400;\" aria-level=\"1\"><span style=\"font-weight: 400;\">Zugang zu den pers\u00f6nlichen Daten, die wir \u00fcber Sie gespeichert haben<\/span><span style=\"font-weight: 400;\"><br \/><br \/><\/span><\/li>\n<li style=\"font-weight: 400;\" aria-level=\"1\"><span style=\"font-weight: 400;\">Antrag auf Berichtigung unzutreffender Daten<\/span><span style=\"font-weight: 400;\"><br \/><br \/><\/span><\/li>\n<li style=\"font-weight: 400;\" aria-level=\"1\"><span style=\"font-weight: 400;\">Antrag auf L\u00f6schung Ihrer Daten (\u201cRecht auf Vergessenwerden\u201d)<\/span><span style=\"font-weight: 400;\"><br \/><br \/><\/span><\/li>\n<li style=\"font-weight: 400;\" aria-level=\"1\"><span style=\"font-weight: 400;\">der Verarbeitung Ihrer Daten zu widersprechen oder sie einzuschr\u00e4nken<\/span><span style=\"font-weight: 400;\"><br \/><br \/><\/span><\/li>\n<li style=\"font-weight: 400;\" aria-level=\"1\"><span style=\"font-weight: 400;\">Anfordern einer Kopie Ihrer Daten in einem portablen Format<\/span><span style=\"font-weight: 400;\"><br \/><br \/><\/span><\/li>\n<li style=\"font-weight: 400;\" aria-level=\"1\"><span style=\"font-weight: 400;\">Zustimmung jederzeit widerrufen<\/span><span style=\"font-weight: 400;\"><br \/><br \/><\/span><\/li>\n<\/ul>\n<p><span style=\"font-weight: 400;\">Um diese Rechte auszu\u00fcben, kontaktieren Sie uns bitte unter <\/span><b>info@projectfifty4.com<\/b><span style=\"font-weight: 400;\">. Wir werden innerhalb der gesetzlich vorgeschriebenen Fristen antworten.<\/span><\/p>\t\t\t\t\t\t\t\t<\/div>\n\t\t\t\t<div class=\"elementor-element elementor-element-5a6fe73 elementor-widget elementor-widget-heading\" data-id=\"5a6fe73\" data-element_type=\"widget\" data-e-type=\"widget\" data-widget_type=\"heading.default\">\n\t\t\t\t\t<h2 class=\"elementor-heading-title elementor-size-default\">8. Cookies<\/h2>\t\t\t\t<\/div>\n\t\t\t\t<div class=\"elementor-element elementor-element-217aaa3 elementor-widget elementor-widget-text-editor\" data-id=\"217aaa3\" data-element_type=\"widget\" data-e-type=\"widget\" data-widget_type=\"text-editor.default\">\n\t\t\t\t\t\t\t\t\t<p><span style=\"font-weight: 400;\">Unsere Website kann Cookies f\u00fcr grundlegende Funktionen und Analysen verwenden. Sie k\u00f6nnen Cookies \u00fcber Ihre Browsereinstellungen steuern.<\/span><\/p>\t\t\t\t\t\t\t\t<\/div>\n\t\t\t\t<div class=\"elementor-element elementor-element-57155e6 elementor-widget elementor-widget-heading\" data-id=\"57155e6\" data-element_type=\"widget\" data-e-type=\"widget\" data-widget_type=\"heading.default\">\n\t\t\t\t\t<h2 class=\"elementor-heading-title elementor-size-default\">9. Sicherheit\n<\/h2>\t\t\t\t<\/div>\n\t\t\t\t<div class=\"elementor-element elementor-element-63d04a4 elementor-widget elementor-widget-text-editor\" data-id=\"63d04a4\" data-element_type=\"widget\" data-e-type=\"widget\" data-widget_type=\"text-editor.default\">\n\t\t\t\t\t\t\t\t\t<p><span style=\"font-weight: 400;\">Wir treffen angemessene technische und organisatorische Ma\u00dfnahmen zum Schutz Ihrer Daten. Allerdings ist kein System 100% sicher, und wir k\u00f6nnen keine absolute Sicherheit garantieren.<\/span><\/p>\t\t\t\t\t\t\t\t<\/div>\n\t\t\t\t<div class=\"elementor-element elementor-element-638b9c0 elementor-widget elementor-widget-heading\" data-id=\"638b9c0\" data-element_type=\"widget\" data-e-type=\"widget\" data-widget_type=\"heading.default\">\n\t\t\t\t\t<h2 class=\"elementor-heading-title elementor-size-default\">10. Kontakt\n<\/h2>\t\t\t\t<\/div>\n\t\t\t\t<div class=\"elementor-element elementor-element-6aa1ca2 elementor-widget elementor-widget-text-editor\" data-id=\"6aa1ca2\" data-element_type=\"widget\" data-e-type=\"widget\" data-widget_type=\"text-editor.default\">\n\t\t\t\t\t\t\t\t\t<p><span style=\"font-weight: 400;\">Wenn Sie Fragen zu dieser Datenschutzrichtlinie oder zum Umgang mit Ihren Daten haben, wenden Sie sich bitte an uns:<\/span><\/p>\n<p><b>Projekt 54<\/b><b><br \/><\/b><span style=\"font-weight: 400;\"> E-Mail: <\/span><a href=\"mailto:info@projectfifty4.com\"><span style=\"font-weight: 400;\">info@projectfifty4.com<\/span><\/a><\/p>\n<p><span style=\"font-weight: 400;\">Anschrift: Heliosgatan 13, 120 78, Stockholm, Schweden<\/span><\/p>\t\t\t\t\t\t\t\t<\/div>\n\t\t\t\t\t<\/div>\n\t\t\t\t<\/div>\n\t\t\t\t<\/div>","protected":false},"excerpt":{"rendered":"<p>Privacy Policy Last updated: 04\/09\/2025 Project 54 (\u201cwe,\u201d \u201cour,\u201d or \u201cus\u201d) respects your privacy and is committed to protecting your personal data. This Privacy Policy explains what information we collect, how we use it, and the rights you have under applicable data protection laws, including the General Data Protection Regulation (GDPR). 1. Information We Collect [&hellip;]<\/p>\n","protected":false},"author":1,"featured_media":0,"parent":0,"menu_order":0,"comment_status":"closed","ping_status":"open","template":"","meta":{"_acf_changed":false,"iawp_total_views":3,"footnotes":""},"class_list":["post-3","page","type-page","status-publish","hentry"],"acf":[],"_hostinger_reach_plugin_has_subscription_block":false,"_hostinger_reach_plugin_is_elementor":false,"_links":{"self":[{"href":"https:\/\/projectfifty4.com\/de\/wp-json\/wp\/v2\/pages\/3","targetHints":{"allow":["GET"]}}],"collection":[{"href":"https:\/\/projectfifty4.com\/de\/wp-json\/wp\/v2\/pages"}],"about":[{"href":"https:\/\/projectfifty4.com\/de\/wp-json\/wp\/v2\/types\/page"}],"author":[{"embeddable":true,"href":"https:\/\/projectfifty4.com\/de\/wp-json\/wp\/v2\/users\/1"}],"replies":[{"embeddable":true,"href":"https:\/\/projectfifty4.com\/de\/wp-json\/wp\/v2\/comments?post=3"}],"version-history":[{"count":1,"href":"https:\/\/projectfifty4.com\/de\/wp-json\/wp\/v2\/pages\/3\/revisions"}],"predecessor-version":[{"id":1784,"href":"https:\/\/projectfifty4.com\/de\/wp-json\/wp\/v2\/pages\/3\/revisions\/1784"}],"wp:attachment":[{"href":"https:\/\/projectfifty4.com\/de\/wp-json\/wp\/v2\/media?parent=3"}],"curies":[{"name":"wp","href":"https:\/\/api.w.org\/{rel}","templated":true}]}}