{"id":3,"date":"2025-07-21T08:45:49","date_gmt":"2025-07-21T08:45:49","guid":{"rendered":"https:\/\/darkgrey-woodpecker-936011.hostingersite.com\/?page_id=3"},"modified":"2026-03-17T22:15:15","modified_gmt":"2026-03-17T22:15:15","slug":"privacy-policy","status":"publish","type":"page","link":"https:\/\/projectfifty4.com\/es\/privacy-policy\/","title":{"rendered":"Pol\u00edtica de privacidad"},"content":{"rendered":"<div data-elementor-type=\"wp-page\" data-elementor-id=\"3\" class=\"elementor elementor-3\" data-elementor-post-type=\"page\">\n\t\t\t\t<div class=\"elementor-element elementor-element-4cb4167f e-flex e-con-boxed e-con e-parent\" data-id=\"4cb4167f\" data-element_type=\"container\" data-e-type=\"container\">\n\t\t\t\t\t<div class=\"e-con-inner\">\n\t\t\t\t<div class=\"elementor-element elementor-element-c7b3e94 elementor-widget elementor-widget-heading\" data-id=\"c7b3e94\" data-element_type=\"widget\" data-e-type=\"widget\" data-widget_type=\"heading.default\">\n\t\t\t\t\t<h2 class=\"elementor-heading-title elementor-size-default\">Pol\u00edtica de privacidad<\/h2>\t\t\t\t<\/div>\n\t\t\t\t<div class=\"elementor-element elementor-element-8ec07ff elementor-widget elementor-widget-text-editor\" data-id=\"8ec07ff\" data-element_type=\"widget\" data-e-type=\"widget\" data-widget_type=\"text-editor.default\">\n\t\t\t\t\t\t\t\t\t<p><i><span style=\"font-weight: 400;\">\u00daltima actualizaci\u00f3n: 04\/09\/2025<\/span><\/i><\/p>\n<p><span style=\"font-weight: 400;\">Project 54 (\u201cnosotros\u201d, \u201cnuestro\u201d o \u201cnos\u201d) respeta su privacidad y se compromete a proteger sus datos personales. La presente Pol\u00edtica de Privacidad explica qu\u00e9 informaci\u00f3n recopilamos, c\u00f3mo la utilizamos y los derechos que le asisten en virtud de la legislaci\u00f3n aplicable en materia de protecci\u00f3n de datos, incluido el Reglamento General de Protecci\u00f3n de Datos (RGPD).<\/span><\/p>\t\t\t\t\t\t\t\t<\/div>\n\t\t\t\t<div class=\"elementor-element elementor-element-0be43d4 elementor-widget elementor-widget-heading\" data-id=\"0be43d4\" data-element_type=\"widget\" data-e-type=\"widget\" data-widget_type=\"heading.default\">\n\t\t\t\t\t<h2 class=\"elementor-heading-title elementor-size-default\">1. Informaci\u00f3n que recopilamos<\/h2>\t\t\t\t<\/div>\n\t\t\t\t<div class=\"elementor-element elementor-element-6a12348 elementor-widget elementor-widget-text-editor\" data-id=\"6a12348\" data-element_type=\"widget\" data-e-type=\"widget\" data-widget_type=\"text-editor.default\">\n\t\t\t\t\t\t\t\t\t<p><span style=\"font-weight: 400;\">Cuando env\u00eda un formulario en nuestro sitio web, podemos recopilar:<\/span><\/p>\n<ul>\n<li style=\"font-weight: 400;\" aria-level=\"1\"><span style=\"font-weight: 400;\">Nombre y apellidos<\/span><span style=\"font-weight: 400;\"><br \/><br \/><\/span><\/li>\n<li style=\"font-weight: 400;\" aria-level=\"1\"><span style=\"font-weight: 400;\">Direcci\u00f3n de correo electr\u00f3nico del trabajo<\/span><span style=\"font-weight: 400;\"><br \/><br \/><\/span><\/li>\n<li style=\"font-weight: 400;\" aria-level=\"1\"><span style=\"font-weight: 400;\">Regi\u00f3n de inter\u00e9s<\/span><span style=\"font-weight: 400;\"><br \/><br \/><\/span><\/li>\n<li style=\"font-weight: 400;\" aria-level=\"1\"><span style=\"font-weight: 400;\">Informaci\u00f3n que decida compartir en el campo \u201c\u00bfC\u00f3mo podemos ayudarle?<\/span><span style=\"font-weight: 400;\"><br \/><br \/><\/span><\/li>\n<\/ul>\n<p><span style=\"font-weight: 400;\">No recopilamos conscientemente datos personales sensibles ni informaci\u00f3n de pago.<\/span><\/p>\t\t\t\t\t\t\t\t<\/div>\n\t\t\t\t<div class=\"elementor-element elementor-element-9e3aaec elementor-widget elementor-widget-heading\" data-id=\"9e3aaec\" data-element_type=\"widget\" data-e-type=\"widget\" data-widget_type=\"heading.default\">\n\t\t\t\t\t<h2 class=\"elementor-heading-title elementor-size-default\">2. C\u00f3mo utilizamos su informaci\u00f3n\n<\/h2>\t\t\t\t<\/div>\n\t\t\t\t<div class=\"elementor-element elementor-element-92cc480 elementor-widget elementor-widget-text-editor\" data-id=\"92cc480\" data-element_type=\"widget\" data-e-type=\"widget\" data-widget_type=\"text-editor.default\">\n\t\t\t\t\t\t\t\t\t<p><span style=\"font-weight: 400;\">Utilizamos sus datos personales \u00fanicamente para:<\/span><\/p>\n<ul>\n<li style=\"font-weight: 400;\" aria-level=\"1\"><span style=\"font-weight: 400;\">Responder a su consulta<\/span><span style=\"font-weight: 400;\"><br \/><br \/><\/span><\/li>\n<li style=\"font-weight: 400;\" aria-level=\"1\"><span style=\"font-weight: 400;\">Comprender sus necesidades y proporcionarle informaci\u00f3n pertinente sobre nuestros servicios<\/span><span style=\"font-weight: 400;\"><br \/><br \/><\/span><\/li>\n<li style=\"font-weight: 400;\" aria-level=\"1\"><span style=\"font-weight: 400;\">Mejorar nuestro sitio web y nuestras comunicaciones<\/span><span style=\"font-weight: 400;\"><br \/><br \/><\/span><\/li>\n<\/ul>\n<p><span style=\"font-weight: 400;\">No vendemos ni alquilamos sus datos personales a terceros.<\/span><\/p>\t\t\t\t\t\t\t\t<\/div>\n\t\t\t\t<div class=\"elementor-element elementor-element-8b0c525 elementor-widget elementor-widget-heading\" data-id=\"8b0c525\" data-element_type=\"widget\" data-e-type=\"widget\" data-widget_type=\"heading.default\">\n\t\t\t\t\t<h2 class=\"elementor-heading-title elementor-size-default\">3. Base jur\u00eddica para el tratamiento (GDPR)<\/h2>\t\t\t\t<\/div>\n\t\t\t\t<div class=\"elementor-element elementor-element-8ee1889 elementor-widget elementor-widget-text-editor\" data-id=\"8ee1889\" data-element_type=\"widget\" data-e-type=\"widget\" data-widget_type=\"text-editor.default\">\n\t\t\t\t\t\t\t\t\t<p><span style=\"font-weight: 400;\">Si se encuentra en el Espacio Econ\u00f3mico Europeo (EEE), nuestras bases jur\u00eddicas para el tratamiento de sus datos son:<\/span><\/p>\n<ul>\n<li style=\"font-weight: 400;\" aria-level=\"1\"><b>Consentimiento<\/b><span style=\"font-weight: 400;\">: Cuando env\u00eda voluntariamente sus datos a trav\u00e9s de nuestro formulario<\/span><span style=\"font-weight: 400;\"><br \/><br \/><\/span><\/li>\n<\/ul>\n<p><b>Intereses leg\u00edtimos<\/b><span style=\"font-weight: 400;\">: Comunicarse con clientes y socios potenciales<\/span><span style=\"font-weight: 400;\"><br \/><\/span><\/p>\t\t\t\t\t\t\t\t<\/div>\n\t\t\t\t<div class=\"elementor-element elementor-element-a7c3936 elementor-widget elementor-widget-heading\" data-id=\"a7c3936\" data-element_type=\"widget\" data-e-type=\"widget\" data-widget_type=\"heading.default\">\n\t\t\t\t\t<h2 class=\"elementor-heading-title elementor-size-default\">4. 4. Conservaci\u00f3n de datos<\/h2>\t\t\t\t<\/div>\n\t\t\t\t<div class=\"elementor-element elementor-element-489be21 elementor-widget elementor-widget-text-editor\" data-id=\"489be21\" data-element_type=\"widget\" data-e-type=\"widget\" data-widget_type=\"text-editor.default\">\n\t\t\t\t\t\t\t\t\t<p><span style=\"font-weight: 400;\">Conservamos su informaci\u00f3n s\u00f3lo el tiempo necesario para responder a su consulta o mantener una relaci\u00f3n comercial, a menos que la ley exija un per\u00edodo de conservaci\u00f3n m\u00e1s largo.<\/span><\/p>\t\t\t\t\t\t\t\t<\/div>\n\t\t\t\t<div class=\"elementor-element elementor-element-66cfe06 elementor-widget elementor-widget-heading\" data-id=\"66cfe06\" data-element_type=\"widget\" data-e-type=\"widget\" data-widget_type=\"heading.default\">\n\t\t\t\t\t<h2 class=\"elementor-heading-title elementor-size-default\">5. Compartir sus datos<\/h2>\t\t\t\t<\/div>\n\t\t\t\t<div class=\"elementor-element elementor-element-ddb562f elementor-widget elementor-widget-text-editor\" data-id=\"ddb562f\" data-element_type=\"widget\" data-e-type=\"widget\" data-widget_type=\"text-editor.default\">\n\t\t\t\t\t\t\t\t\t<p><span style=\"font-weight: 400;\">Podemos compartir su informaci\u00f3n con proveedores de servicios de confianza que nos ayudan a gestionar nuestro sitio web y a comunicarnos con usted (por ejemplo, alojamiento, servicios de correo electr\u00f3nico). Estos proveedores est\u00e1n obligados por contrato a proteger su informaci\u00f3n.<\/span><\/p>\t\t\t\t\t\t\t\t<\/div>\n\t\t\t\t<div class=\"elementor-element elementor-element-2f8cac7 elementor-widget elementor-widget-heading\" data-id=\"2f8cac7\" data-element_type=\"widget\" data-e-type=\"widget\" data-widget_type=\"heading.default\">\n\t\t\t\t\t<h2 class=\"elementor-heading-title elementor-size-default\">6. Transferencias internacionales<\/h2>\t\t\t\t<\/div>\n\t\t\t\t<div class=\"elementor-element elementor-element-fad92b9 elementor-widget elementor-widget-text-editor\" data-id=\"fad92b9\" data-element_type=\"widget\" data-e-type=\"widget\" data-widget_type=\"text-editor.default\">\n\t\t\t\t\t\t\t\t\t<p><span style=\"font-weight: 400;\">Si se encuentra en el EEE, sus datos pueden transferirse fuera de su pa\u00eds de residencia. Nos aseguramos de que existan garant\u00edas adecuadas (como cl\u00e1usulas contractuales est\u00e1ndar) para proteger sus datos.<\/span><\/p>\t\t\t\t\t\t\t\t<\/div>\n\t\t\t\t<div class=\"elementor-element elementor-element-5f7e326 elementor-widget elementor-widget-heading\" data-id=\"5f7e326\" data-element_type=\"widget\" data-e-type=\"widget\" data-widget_type=\"heading.default\">\n\t\t\t\t\t<h2 class=\"elementor-heading-title elementor-size-default\">7. Sus derechos en virtud del GDPR<\/h2>\t\t\t\t<\/div>\n\t\t\t\t<div class=\"elementor-element elementor-element-0a27997 elementor-widget elementor-widget-text-editor\" data-id=\"0a27997\" data-element_type=\"widget\" data-e-type=\"widget\" data-widget_type=\"text-editor.default\">\n\t\t\t\t\t\t\t\t\t<p><span style=\"font-weight: 400;\">Si se encuentra en el EEE, tiene los siguientes derechos:<\/span><\/p>\n<ul>\n<li style=\"font-weight: 400;\" aria-level=\"1\"><span style=\"font-weight: 400;\">Acceder a los datos personales que tenemos sobre usted<\/span><span style=\"font-weight: 400;\"><br \/><br \/><\/span><\/li>\n<li style=\"font-weight: 400;\" aria-level=\"1\"><span style=\"font-weight: 400;\">Solicitar la correcci\u00f3n de datos inexactos<\/span><span style=\"font-weight: 400;\"><br \/><br \/><\/span><\/li>\n<li style=\"font-weight: 400;\" aria-level=\"1\"><span style=\"font-weight: 400;\">Solicitar la supresi\u00f3n de sus datos (\u201cderecho al olvido\u201d)<\/span><span style=\"font-weight: 400;\"><br \/><br \/><\/span><\/li>\n<li style=\"font-weight: 400;\" aria-level=\"1\"><span style=\"font-weight: 400;\">Oponerse o limitar el tratamiento de sus datos<\/span><span style=\"font-weight: 400;\"><br \/><br \/><\/span><\/li>\n<li style=\"font-weight: 400;\" aria-level=\"1\"><span style=\"font-weight: 400;\">Solicite una copia de sus datos en formato port\u00e1til<\/span><span style=\"font-weight: 400;\"><br \/><br \/><\/span><\/li>\n<li style=\"font-weight: 400;\" aria-level=\"1\"><span style=\"font-weight: 400;\">Retirar el consentimiento en cualquier momento<\/span><span style=\"font-weight: 400;\"><br \/><br \/><\/span><\/li>\n<\/ul>\n<p><span style=\"font-weight: 400;\">Para ejercer estos derechos, p\u00f3ngase en contacto con nosotros en <\/span><b>info@projectfifty4.com<\/b><span style=\"font-weight: 400;\">. Responderemos dentro de los plazos exigidos por la ley.<\/span><\/p>\t\t\t\t\t\t\t\t<\/div>\n\t\t\t\t<div class=\"elementor-element elementor-element-5a6fe73 elementor-widget elementor-widget-heading\" data-id=\"5a6fe73\" data-element_type=\"widget\" data-e-type=\"widget\" data-widget_type=\"heading.default\">\n\t\t\t\t\t<h2 class=\"elementor-heading-title elementor-size-default\">8. Cookies<\/h2>\t\t\t\t<\/div>\n\t\t\t\t<div class=\"elementor-element elementor-element-217aaa3 elementor-widget elementor-widget-text-editor\" data-id=\"217aaa3\" data-element_type=\"widget\" data-e-type=\"widget\" data-widget_type=\"text-editor.default\">\n\t\t\t\t\t\t\t\t\t<p><span style=\"font-weight: 400;\">Nuestro sitio web puede utilizar cookies para funciones b\u00e1sicas y anal\u00edticas. Puede controlar las cookies a trav\u00e9s de la configuraci\u00f3n de su navegador.<\/span><\/p>\t\t\t\t\t\t\t\t<\/div>\n\t\t\t\t<div class=\"elementor-element elementor-element-57155e6 elementor-widget elementor-widget-heading\" data-id=\"57155e6\" data-element_type=\"widget\" data-e-type=\"widget\" data-widget_type=\"heading.default\">\n\t\t\t\t\t<h2 class=\"elementor-heading-title elementor-size-default\">9. Seguridad\n<\/h2>\t\t\t\t<\/div>\n\t\t\t\t<div class=\"elementor-element elementor-element-63d04a4 elementor-widget elementor-widget-text-editor\" data-id=\"63d04a4\" data-element_type=\"widget\" data-e-type=\"widget\" data-widget_type=\"text-editor.default\">\n\t\t\t\t\t\t\t\t\t<p><span style=\"font-weight: 400;\">Tomamos las medidas t\u00e9cnicas y organizativas adecuadas para proteger sus datos. Sin embargo, ning\u00fan sistema es 100% seguro y no podemos garantizar una seguridad absoluta.<\/span><\/p>\t\t\t\t\t\t\t\t<\/div>\n\t\t\t\t<div class=\"elementor-element elementor-element-638b9c0 elementor-widget elementor-widget-heading\" data-id=\"638b9c0\" data-element_type=\"widget\" data-e-type=\"widget\" data-widget_type=\"heading.default\">\n\t\t\t\t\t<h2 class=\"elementor-heading-title elementor-size-default\">10. Contacto\n<\/h2>\t\t\t\t<\/div>\n\t\t\t\t<div class=\"elementor-element elementor-element-6aa1ca2 elementor-widget elementor-widget-text-editor\" data-id=\"6aa1ca2\" data-element_type=\"widget\" data-e-type=\"widget\" data-widget_type=\"text-editor.default\">\n\t\t\t\t\t\t\t\t\t<p><span style=\"font-weight: 400;\">Si tiene alguna pregunta sobre esta Pol\u00edtica de privacidad o sobre c\u00f3mo tratamos sus datos, p\u00f3ngase en contacto con nosotros:<\/span><\/p>\n<p><b>Proyecto 54<\/b><b><br \/><\/b><span style=\"font-weight: 400;\"> Correo electr\u00f3nico: <\/span><a href=\"mailto:info@projectfifty4.com\"><span style=\"font-weight: 400;\">info@projectfifty4.com<\/span><\/a><\/p>\n<p><span style=\"font-weight: 400;\">Direcci\u00f3n: Heliosgatan 13, 120 78, Estocolmo, Suecia<\/span><\/p>\t\t\t\t\t\t\t\t<\/div>\n\t\t\t\t\t<\/div>\n\t\t\t\t<\/div>\n\t\t\t\t<\/div>","protected":false},"excerpt":{"rendered":"<p>Privacy Policy Last updated: 04\/09\/2025 Project 54 (\u201cwe,\u201d \u201cour,\u201d or \u201cus\u201d) respects your privacy and is committed to protecting your personal data. This Privacy Policy explains what information we collect, how we use it, and the rights you have under applicable data protection laws, including the General Data Protection Regulation (GDPR). 1. Information We Collect [&hellip;]<\/p>\n","protected":false},"author":1,"featured_media":0,"parent":0,"menu_order":0,"comment_status":"closed","ping_status":"open","template":"","meta":{"_acf_changed":false,"iawp_total_views":3,"footnotes":""},"class_list":["post-3","page","type-page","status-publish","hentry"],"acf":[],"_hostinger_reach_plugin_has_subscription_block":false,"_hostinger_reach_plugin_is_elementor":false,"_links":{"self":[{"href":"https:\/\/projectfifty4.com\/es\/wp-json\/wp\/v2\/pages\/3","targetHints":{"allow":["GET"]}}],"collection":[{"href":"https:\/\/projectfifty4.com\/es\/wp-json\/wp\/v2\/pages"}],"about":[{"href":"https:\/\/projectfifty4.com\/es\/wp-json\/wp\/v2\/types\/page"}],"author":[{"embeddable":true,"href":"https:\/\/projectfifty4.com\/es\/wp-json\/wp\/v2\/users\/1"}],"replies":[{"embeddable":true,"href":"https:\/\/projectfifty4.com\/es\/wp-json\/wp\/v2\/comments?post=3"}],"version-history":[{"count":1,"href":"https:\/\/projectfifty4.com\/es\/wp-json\/wp\/v2\/pages\/3\/revisions"}],"predecessor-version":[{"id":1784,"href":"https:\/\/projectfifty4.com\/es\/wp-json\/wp\/v2\/pages\/3\/revisions\/1784"}],"wp:attachment":[{"href":"https:\/\/projectfifty4.com\/es\/wp-json\/wp\/v2\/media?parent=3"}],"curies":[{"name":"wp","href":"https:\/\/api.w.org\/{rel}","templated":true}]}}