{"id":3,"date":"2025-07-21T08:45:49","date_gmt":"2025-07-21T08:45:49","guid":{"rendered":"https:\/\/darkgrey-woodpecker-936011.hostingersite.com\/?page_id=3"},"modified":"2026-03-17T22:15:15","modified_gmt":"2026-03-17T22:15:15","slug":"privacy-policy","status":"publish","type":"page","link":"https:\/\/projectfifty4.com\/fr\/privacy-policy\/","title":{"rendered":"Politique de confidentialit\u00e9"},"content":{"rendered":"<div data-elementor-type=\"wp-page\" data-elementor-id=\"3\" class=\"elementor elementor-3\" data-elementor-post-type=\"page\">\n\t\t\t\t<div class=\"elementor-element elementor-element-4cb4167f e-flex e-con-boxed e-con e-parent\" data-id=\"4cb4167f\" data-element_type=\"container\" data-e-type=\"container\">\n\t\t\t\t\t<div class=\"e-con-inner\">\n\t\t\t\t<div class=\"elementor-element elementor-element-c7b3e94 elementor-widget elementor-widget-heading\" data-id=\"c7b3e94\" data-element_type=\"widget\" data-e-type=\"widget\" data-widget_type=\"heading.default\">\n\t\t\t\t\t<h2 class=\"elementor-heading-title elementor-size-default\">Politique de confidentialit\u00e9<\/h2>\t\t\t\t<\/div>\n\t\t\t\t<div class=\"elementor-element elementor-element-8ec07ff elementor-widget elementor-widget-text-editor\" data-id=\"8ec07ff\" data-element_type=\"widget\" data-e-type=\"widget\" data-widget_type=\"text-editor.default\">\n\t\t\t\t\t\t\t\t\t<p><i><span style=\"font-weight: 400;\">Derni\u00e8re mise \u00e0 jour : 04\/09\/2025<\/span><\/i><\/p>\n<p><span style=\"font-weight: 400;\">Projet 54 (\u201c nous \u201d) respecte votre vie priv\u00e9e et s'engage \u00e0 prot\u00e9ger vos donn\u00e9es personnelles. Cette politique de confidentialit\u00e9 explique quelles informations nous collectons, comment nous les utilisons et quels sont vos droits en vertu des lois applicables en mati\u00e8re de protection des donn\u00e9es, y compris le R\u00e8glement G\u00e9n\u00e9ral sur la Protection des Donn\u00e9es (RGPD).<\/span><\/p>\t\t\t\t\t\t\t\t<\/div>\n\t\t\t\t<div class=\"elementor-element elementor-element-0be43d4 elementor-widget elementor-widget-heading\" data-id=\"0be43d4\" data-element_type=\"widget\" data-e-type=\"widget\" data-widget_type=\"heading.default\">\n\t\t\t\t\t<h2 class=\"elementor-heading-title elementor-size-default\">1. Informations que nous collectons<\/h2>\t\t\t\t<\/div>\n\t\t\t\t<div class=\"elementor-element elementor-element-6a12348 elementor-widget elementor-widget-text-editor\" data-id=\"6a12348\" data-element_type=\"widget\" data-e-type=\"widget\" data-widget_type=\"text-editor.default\">\n\t\t\t\t\t\t\t\t\t<p><span style=\"font-weight: 400;\">Lorsque vous soumettez un formulaire sur notre site web, nous pouvons collecter :<\/span><\/p>\n<ul>\n<li style=\"font-weight: 400;\" aria-level=\"1\"><span style=\"font-weight: 400;\">Nom complet<\/span><span style=\"font-weight: 400;\"><br \/><br \/><\/span><\/li>\n<li style=\"font-weight: 400;\" aria-level=\"1\"><span style=\"font-weight: 400;\">Adresse e-mail professionnelle<\/span><span style=\"font-weight: 400;\"><br \/><br \/><\/span><\/li>\n<li style=\"font-weight: 400;\" aria-level=\"1\"><span style=\"font-weight: 400;\">R\u00e9gion d'int\u00e9r\u00eat<\/span><span style=\"font-weight: 400;\"><br \/><br \/><\/span><\/li>\n<li style=\"font-weight: 400;\" aria-level=\"1\"><span style=\"font-weight: 400;\">Informations que vous choisissez de partager dans le champ \u201c Comment pouvons-nous vous aider \u201d<\/span><span style=\"font-weight: 400;\"><br \/><br \/><\/span><\/li>\n<\/ul>\n<p><span style=\"font-weight: 400;\">Nous ne collectons sciemment aucune donn\u00e9e personnelle sensible ni aucune information de paiement.<\/span><\/p>\t\t\t\t\t\t\t\t<\/div>\n\t\t\t\t<div class=\"elementor-element elementor-element-9e3aaec elementor-widget elementor-widget-heading\" data-id=\"9e3aaec\" data-element_type=\"widget\" data-e-type=\"widget\" data-widget_type=\"heading.default\">\n\t\t\t\t\t<h2 class=\"elementor-heading-title elementor-size-default\">2. Comment nous utilisons vos informations\n<\/h2>\t\t\t\t<\/div>\n\t\t\t\t<div class=\"elementor-element elementor-element-92cc480 elementor-widget elementor-widget-text-editor\" data-id=\"92cc480\" data-element_type=\"widget\" data-e-type=\"widget\" data-widget_type=\"text-editor.default\">\n\t\t\t\t\t\t\t\t\t<p><span style=\"font-weight: 400;\">Nous utilisons vos donn\u00e9es personnelles uniquement pour :<\/span><\/p>\n<ul>\n<li style=\"font-weight: 400;\" aria-level=\"1\"><span style=\"font-weight: 400;\">R\u00e9pondez \u00e0 votre demande<\/span><span style=\"font-weight: 400;\"><br \/><br \/><\/span><\/li>\n<li style=\"font-weight: 400;\" aria-level=\"1\"><span style=\"font-weight: 400;\">Comprendre vos besoins et vous fournir des informations pertinentes sur nos services<\/span><span style=\"font-weight: 400;\"><br \/><br \/><\/span><\/li>\n<li style=\"font-weight: 400;\" aria-level=\"1\"><span style=\"font-weight: 400;\">Am\u00e9liorer notre site web et nos communications<\/span><span style=\"font-weight: 400;\"><br \/><br \/><\/span><\/li>\n<\/ul>\n<p><span style=\"font-weight: 400;\">Nous ne vendons ni ne louons vos informations personnelles \u00e0 des tiers.<\/span><\/p>\t\t\t\t\t\t\t\t<\/div>\n\t\t\t\t<div class=\"elementor-element elementor-element-8b0c525 elementor-widget elementor-widget-heading\" data-id=\"8b0c525\" data-element_type=\"widget\" data-e-type=\"widget\" data-widget_type=\"heading.default\">\n\t\t\t\t\t<h2 class=\"elementor-heading-title elementor-size-default\">3. Base Juridique du Traitement (RGPD)<\/h2>\t\t\t\t<\/div>\n\t\t\t\t<div class=\"elementor-element elementor-element-8ee1889 elementor-widget elementor-widget-text-editor\" data-id=\"8ee1889\" data-element_type=\"widget\" data-e-type=\"widget\" data-widget_type=\"text-editor.default\">\n\t\t\t\t\t\t\t\t\t<p><span style=\"font-weight: 400;\">Si vous \u00eates situ\u00e9 dans l'Espace \u00c9conomique Europ\u00e9en (EEE), nos bases juridiques pour le traitement de vos donn\u00e9es sont :<\/span><\/p>\n<ul>\n<li style=\"font-weight: 400;\" aria-level=\"1\"><b>Consentement<\/b><span style=\"font-weight: 400;\">: Lorsque vous soumettez volontairement vos d\u00e9tails via notre formulaire<\/span><span style=\"font-weight: 400;\"><br \/><br \/><\/span><\/li>\n<\/ul>\n<p><b>Int\u00e9r\u00eats l\u00e9gitimes<\/b><span style=\"font-weight: 400;\">Pour communiquer avec des clients et partenaires potentiels<\/span><span style=\"font-weight: 400;\"><br \/><\/span><\/p>\t\t\t\t\t\t\t\t<\/div>\n\t\t\t\t<div class=\"elementor-element elementor-element-a7c3936 elementor-widget elementor-widget-heading\" data-id=\"a7c3936\" data-element_type=\"widget\" data-e-type=\"widget\" data-widget_type=\"heading.default\">\n\t\t\t\t\t<h2 class=\"elementor-heading-title elementor-size-default\">4. Conservation des donn\u00e9es<\/h2>\t\t\t\t<\/div>\n\t\t\t\t<div class=\"elementor-element elementor-element-489be21 elementor-widget elementor-widget-text-editor\" data-id=\"489be21\" data-element_type=\"widget\" data-e-type=\"widget\" data-widget_type=\"text-editor.default\">\n\t\t\t\t\t\t\t\t\t<p><span style=\"font-weight: 400;\">Nous conservons vos informations uniquement le temps n\u00e9cessaire pour r\u00e9pondre \u00e0 votre demande ou maintenir une relation commerciale, sauf si une p\u00e9riode de conservation plus longue est exig\u00e9e par la loi.<\/span><\/p>\t\t\t\t\t\t\t\t<\/div>\n\t\t\t\t<div class=\"elementor-element elementor-element-66cfe06 elementor-widget elementor-widget-heading\" data-id=\"66cfe06\" data-element_type=\"widget\" data-e-type=\"widget\" data-widget_type=\"heading.default\">\n\t\t\t\t\t<h2 class=\"elementor-heading-title elementor-size-default\">5. Partage de vos donn\u00e9es<\/h2>\t\t\t\t<\/div>\n\t\t\t\t<div class=\"elementor-element elementor-element-ddb562f elementor-widget elementor-widget-text-editor\" data-id=\"ddb562f\" data-element_type=\"widget\" data-e-type=\"widget\" data-widget_type=\"text-editor.default\">\n\t\t\t\t\t\t\t\t\t<p><span style=\"font-weight: 400;\">Nous pouvons partager vos informations avec des prestataires de services de confiance qui nous aident \u00e0 exploiter notre site web et \u00e0 communiquer avec vous (par exemple, services d'h\u00e9bergement, services de messagerie \u00e9lectronique). Ces prestataires sont contractuellement tenus de prot\u00e9ger vos informations.<\/span><\/p>\t\t\t\t\t\t\t\t<\/div>\n\t\t\t\t<div class=\"elementor-element elementor-element-2f8cac7 elementor-widget elementor-widget-heading\" data-id=\"2f8cac7\" data-element_type=\"widget\" data-e-type=\"widget\" data-widget_type=\"heading.default\">\n\t\t\t\t\t<h2 class=\"elementor-heading-title elementor-size-default\">6. Virements internationaux<\/h2>\t\t\t\t<\/div>\n\t\t\t\t<div class=\"elementor-element elementor-element-fad92b9 elementor-widget elementor-widget-text-editor\" data-id=\"fad92b9\" data-element_type=\"widget\" data-e-type=\"widget\" data-widget_type=\"text-editor.default\">\n\t\t\t\t\t\t\t\t\t<p><span style=\"font-weight: 400;\">Si vous \u00eates dans l'EEE, vos donn\u00e9es peuvent \u00eatre transf\u00e9r\u00e9es en dehors de votre pays de r\u00e9sidence. Nous garantissons la mise en place de mesures de protection appropri\u00e9es (telles que des clauses contractuelles types) pour prot\u00e9ger vos donn\u00e9es.<\/span><\/p>\t\t\t\t\t\t\t\t<\/div>\n\t\t\t\t<div class=\"elementor-element elementor-element-5f7e326 elementor-widget elementor-widget-heading\" data-id=\"5f7e326\" data-element_type=\"widget\" data-e-type=\"widget\" data-widget_type=\"heading.default\">\n\t\t\t\t\t<h2 class=\"elementor-heading-title elementor-size-default\">7. Vos Droits Conform\u00e9ment au RGPD<\/h2>\t\t\t\t<\/div>\n\t\t\t\t<div class=\"elementor-element elementor-element-0a27997 elementor-widget elementor-widget-text-editor\" data-id=\"0a27997\" data-element_type=\"widget\" data-e-type=\"widget\" data-widget_type=\"text-editor.default\">\n\t\t\t\t\t\t\t\t\t<p><span style=\"font-weight: 400;\">Si vous \u00eates situ\u00e9 dans l'EEE, vous b\u00e9n\u00e9ficiez des droits suivants :<\/span><\/p>\n<ul>\n<li style=\"font-weight: 400;\" aria-level=\"1\"><span style=\"font-weight: 400;\">Acc\u00e9der aux donn\u00e9es personnelles que nous d\u00e9tenons \u00e0 votre sujet<\/span><span style=\"font-weight: 400;\"><br \/><br \/><\/span><\/li>\n<li style=\"font-weight: 400;\" aria-level=\"1\"><span style=\"font-weight: 400;\">Demande de correction de donn\u00e9es inexactes<\/span><span style=\"font-weight: 400;\"><br \/><br \/><\/span><\/li>\n<li style=\"font-weight: 400;\" aria-level=\"1\"><span style=\"font-weight: 400;\">Demande de suppression de vos donn\u00e9es (\u201c droit \u00e0 l'oubli \u201d)<\/span><span style=\"font-weight: 400;\"><br \/><br \/><\/span><\/li>\n<li style=\"font-weight: 400;\" aria-level=\"1\"><span style=\"font-weight: 400;\">S'opposer au traitement ou restreindre le traitement de vos donn\u00e9es<\/span><span style=\"font-weight: 400;\"><br \/><br \/><\/span><\/li>\n<li style=\"font-weight: 400;\" aria-level=\"1\"><span style=\"font-weight: 400;\">Demander une copie de vos donn\u00e9es dans un format portable<\/span><span style=\"font-weight: 400;\"><br \/><br \/><\/span><\/li>\n<li style=\"font-weight: 400;\" aria-level=\"1\"><span style=\"font-weight: 400;\">Retirer le consentement \u00e0 tout moment<\/span><span style=\"font-weight: 400;\"><br \/><br \/><\/span><\/li>\n<\/ul>\n<p><span style=\"font-weight: 400;\">Pour exercer ces droits, veuillez nous contacter \u00e0 l'adresse suivante <\/span><b>info@projectfifty4.com<\/b><span style=\"font-weight: 400;\">. Nous r\u00e9pondrons dans les d\u00e9lais impartis par la loi.<\/span><\/p>\t\t\t\t\t\t\t\t<\/div>\n\t\t\t\t<div class=\"elementor-element elementor-element-5a6fe73 elementor-widget elementor-widget-heading\" data-id=\"5a6fe73\" data-element_type=\"widget\" data-e-type=\"widget\" data-widget_type=\"heading.default\">\n\t\t\t\t\t<h2 class=\"elementor-heading-title elementor-size-default\">8. Cookies<\/h2>\t\t\t\t<\/div>\n\t\t\t\t<div class=\"elementor-element elementor-element-217aaa3 elementor-widget elementor-widget-text-editor\" data-id=\"217aaa3\" data-element_type=\"widget\" data-e-type=\"widget\" data-widget_type=\"text-editor.default\">\n\t\t\t\t\t\t\t\t\t<p><span style=\"font-weight: 400;\">Notre site web peut utiliser des cookies pour sa fonctionnalit\u00e9 de base et pour l'analyse. Vous pouvez contr\u00f4ler les cookies via les param\u00e8tres de votre navigateur.<\/span><\/p>\t\t\t\t\t\t\t\t<\/div>\n\t\t\t\t<div class=\"elementor-element elementor-element-57155e6 elementor-widget elementor-widget-heading\" data-id=\"57155e6\" data-element_type=\"widget\" data-e-type=\"widget\" data-widget_type=\"heading.default\">\n\t\t\t\t\t<h2 class=\"elementor-heading-title elementor-size-default\">9. S\u00e9curit\u00e9\n<\/h2>\t\t\t\t<\/div>\n\t\t\t\t<div class=\"elementor-element elementor-element-63d04a4 elementor-widget elementor-widget-text-editor\" data-id=\"63d04a4\" data-element_type=\"widget\" data-e-type=\"widget\" data-widget_type=\"text-editor.default\">\n\t\t\t\t\t\t\t\t\t<p><span style=\"font-weight: 400;\">Nous prenons les mesures techniques et organisationnelles appropri\u00e9es pour prot\u00e9ger vos donn\u00e9es. Cependant, aucun syst\u00e8me n'est s\u00e9curis\u00e9 \u00e0 100% et nous ne pouvons garantir une s\u00e9curit\u00e9 absolue.<\/span><\/p>\t\t\t\t\t\t\t\t<\/div>\n\t\t\t\t<div class=\"elementor-element elementor-element-638b9c0 elementor-widget elementor-widget-heading\" data-id=\"638b9c0\" data-element_type=\"widget\" data-e-type=\"widget\" data-widget_type=\"heading.default\">\n\t\t\t\t\t<h2 class=\"elementor-heading-title elementor-size-default\">10. Contactez-nous\n<\/h2>\t\t\t\t<\/div>\n\t\t\t\t<div class=\"elementor-element elementor-element-6aa1ca2 elementor-widget elementor-widget-text-editor\" data-id=\"6aa1ca2\" data-element_type=\"widget\" data-e-type=\"widget\" data-widget_type=\"text-editor.default\">\n\t\t\t\t\t\t\t\t\t<p><span style=\"font-weight: 400;\">Si vous avez des questions concernant cette politique de confidentialit\u00e9 ou la mani\u00e8re dont nous traitons vos donn\u00e9es, veuillez nous contacter \u00e0 l'adresse suivante :<\/span><\/p>\n<p><b>Projet 54<\/b><b><br \/><\/b><span style=\"font-weight: 400;\"> Courriel : <\/span><a href=\"mailto:info@projectfifty4.com\"><span style=\"font-weight: 400;\">info@projectfifty4.com<\/span><\/a><\/p>\n<p><span style=\"font-weight: 400;\">Adresse : Heliosgatan 13, 120 78, Stockholm, Su\u00e8de<\/span><\/p>\t\t\t\t\t\t\t\t<\/div>\n\t\t\t\t\t<\/div>\n\t\t\t\t<\/div>\n\t\t\t\t<\/div>","protected":false},"excerpt":{"rendered":"<p>Privacy Policy Last updated: 04\/09\/2025 Project 54 (\u201cwe,\u201d \u201cour,\u201d or \u201cus\u201d) respects your privacy and is committed to protecting your personal data. This Privacy Policy explains what information we collect, how we use it, and the rights you have under applicable data protection laws, including the General Data Protection Regulation (GDPR). 1. Information We Collect [&hellip;]<\/p>\n","protected":false},"author":1,"featured_media":0,"parent":0,"menu_order":0,"comment_status":"closed","ping_status":"open","template":"","meta":{"_acf_changed":false,"iawp_total_views":3,"footnotes":""},"class_list":["post-3","page","type-page","status-publish","hentry"],"acf":[],"_hostinger_reach_plugin_has_subscription_block":false,"_hostinger_reach_plugin_is_elementor":false,"_links":{"self":[{"href":"https:\/\/projectfifty4.com\/fr\/wp-json\/wp\/v2\/pages\/3","targetHints":{"allow":["GET"]}}],"collection":[{"href":"https:\/\/projectfifty4.com\/fr\/wp-json\/wp\/v2\/pages"}],"about":[{"href":"https:\/\/projectfifty4.com\/fr\/wp-json\/wp\/v2\/types\/page"}],"author":[{"embeddable":true,"href":"https:\/\/projectfifty4.com\/fr\/wp-json\/wp\/v2\/users\/1"}],"replies":[{"embeddable":true,"href":"https:\/\/projectfifty4.com\/fr\/wp-json\/wp\/v2\/comments?post=3"}],"version-history":[{"count":1,"href":"https:\/\/projectfifty4.com\/fr\/wp-json\/wp\/v2\/pages\/3\/revisions"}],"predecessor-version":[{"id":1784,"href":"https:\/\/projectfifty4.com\/fr\/wp-json\/wp\/v2\/pages\/3\/revisions\/1784"}],"wp:attachment":[{"href":"https:\/\/projectfifty4.com\/fr\/wp-json\/wp\/v2\/media?parent=3"}],"curies":[{"name":"wp","href":"https:\/\/api.w.org\/{rel}","templated":true}]}}